{"id":7786,"date":"2021-02-10T11:21:41","date_gmt":"2021-02-10T10:21:41","guid":{"rendered":"https:\/\/slovenier.com\/?post_type=product&#038;p=7786"},"modified":"2021-02-10T11:35:28","modified_gmt":"2021-02-10T10:35:28","slug":"valentines-praline-large-box","status":"publish","type":"product","link":"https:\/\/slovenier.com\/sl\/izdelek\/valentines-praline-large-box\/","title":{"rendered":"Praline Valentin"},"content":{"rendered":"<p>Belgijska \u010dokolada ima poseben okus in je druga\u010dna od ostalih vrst \u010dokolade. Na\u0161e praline vsebujejo skrbno pripravljene nadeve, po recepturi, ki da pralinam sve\u017e okus.<\/p>\n<p>1. Bela \u010dokolada - karamelni nadev<br \/>\n2. Mle\u010dna \u010dokolade - hrustljavi nadev iz mle\u010dne \u010dokolade<\/p>","protected":false},"excerpt":{"rendered":"<p><strong>Ro\u010dno izdelane praline iz belgijske \u010dokolade, ki se smatra za najbolj\u0161o organsko pridelano \u010dokolado na svetu.<\/strong><\/p>\n<ul>\n<li>Velika \u0161katla (9 pralin)<\/li>\n<\/ul>","protected":false},"featured_media":7787,"comment_status":"open","ping_status":"closed","template":"","meta":[],"product_cat":[72],"product_tag":[],"_links":{"self":[{"href":"https:\/\/slovenier.com\/sl\/wp-json\/wp\/v2\/product\/7786"}],"collection":[{"href":"https:\/\/slovenier.com\/sl\/wp-json\/wp\/v2\/product"}],"about":[{"href":"https:\/\/slovenier.com\/sl\/wp-json\/wp\/v2\/types\/product"}],"replies":[{"embeddable":true,"href":"https:\/\/slovenier.com\/sl\/wp-json\/wp\/v2\/comments?post=7786"}],"wp:featuredmedia":[{"embeddable":true,"href":"https:\/\/slovenier.com\/sl\/wp-json\/wp\/v2\/media\/7787"}],"wp:attachment":[{"href":"https:\/\/slovenier.com\/sl\/wp-json\/wp\/v2\/media?parent=7786"}],"wp:term":[{"taxonomy":"product_cat","embeddable":true,"href":"https:\/\/slovenier.com\/sl\/wp-json\/wp\/v2\/product_cat?post=7786"},{"taxonomy":"product_tag","embeddable":true,"href":"https:\/\/slovenier.com\/sl\/wp-json\/wp\/v2\/product_tag?post=7786"}],"curies":[{"name":"wp","href":"https:\/\/api.w.org\/{rel}","templated":true}]}}