{"id":7762,"date":"2021-01-25T22:25:23","date_gmt":"2021-01-25T21:25:23","guid":{"rendered":"https:\/\/slovenier.com\/?post_type=product&#038;p=7762"},"modified":"2021-02-12T12:47:12","modified_gmt":"2021-02-12T11:47:12","slug":"chardonnay-dry-2018-barik","status":"publish","type":"product","link":"https:\/\/slovenier.com\/sl\/izdelek\/chardonnay-dry-2018-barik\/","title":{"rendered":"CHARDONNAY suho 2018 (Barik) 0.7l"},"content":{"rendered":"<p>Pri\u010dakovan, a ne preve\u010d intenziven 'dim' v vonju tega na\u0161ega premiernega, v novem\nhrastovem sodu zorjenega suhega chardonnaya, nedvoumna sortnost z malce bele \u010dokolade\nin posu\u0161ene lupinice ananasa ter nianse karija. V okusu prav tako rahlo zadimljen, sorten in\nprav tako z nianso karija. So\u010den, srednjega telesa, neprevisokega alkohola.<\/p>","protected":false},"excerpt":{"rendered":"<p>Dobitnik zlate medalje Vina Slovenije Gornja Radgona 2020<\/p>","protected":false},"featured_media":7761,"comment_status":"closed","ping_status":"closed","template":"","meta":[],"product_cat":[69],"product_tag":[],"_links":{"self":[{"href":"https:\/\/slovenier.com\/sl\/wp-json\/wp\/v2\/product\/7762"}],"collection":[{"href":"https:\/\/slovenier.com\/sl\/wp-json\/wp\/v2\/product"}],"about":[{"href":"https:\/\/slovenier.com\/sl\/wp-json\/wp\/v2\/types\/product"}],"replies":[{"embeddable":true,"href":"https:\/\/slovenier.com\/sl\/wp-json\/wp\/v2\/comments?post=7762"}],"wp:featuredmedia":[{"embeddable":true,"href":"https:\/\/slovenier.com\/sl\/wp-json\/wp\/v2\/media\/7761"}],"wp:attachment":[{"href":"https:\/\/slovenier.com\/sl\/wp-json\/wp\/v2\/media?parent=7762"}],"wp:term":[{"taxonomy":"product_cat","embeddable":true,"href":"https:\/\/slovenier.com\/sl\/wp-json\/wp\/v2\/product_cat?post=7762"},{"taxonomy":"product_tag","embeddable":true,"href":"https:\/\/slovenier.com\/sl\/wp-json\/wp\/v2\/product_tag?post=7762"}],"curies":[{"name":"wp","href":"https:\/\/api.w.org\/{rel}","templated":true}]}}