{"id":7731,"date":"2021-01-14T12:59:40","date_gmt":"2021-01-14T11:59:40","guid":{"rendered":"https:\/\/slovenier.com\/?post_type=product&#038;p=7731"},"modified":"2021-02-10T12:23:11","modified_gmt":"2021-02-10T11:23:11","slug":"organic-extra-virgin-olive-oil-frantoio","status":"publish","type":"product","link":"https:\/\/slovenier.com\/sl\/izdelek\/organic-extra-virgin-olive-oil-frantoio\/","title":{"rendered":"Ekolo\u0161ko ekstra devi\u0161ko olj\u010dno olje sorte FRANTOIO 500 ml"},"content":{"rendered":"<p class=\"yiv3016029478MsoNormal\"><span lang=\"EN\">Frantoio is a variety that has long been represented in the assortment. It is known for its medium-intensity spicy oil. Frantoio oil is very fruity and smells like freshly cut grass, green tomatoes, almonds, olive fruit, almonds\u2026 It tastes medium intense with a pleasant spiciness and bitterness. Its taste can be described as very harmonious and refined.<\/span><\/p>\n<p>Vsa olja lahko uporabite pri: solatah, ribah, mesnih jedeh, belemu mesu, zelenjavnim in mesnim juham, mine\u0161tram, ri\u017eotam in seveda sladicami.<\/p>\n<p>Olja se razlikujejo po pikantnosti, zato si lahko vsak potro\u0161nik izbere svoje olje, ki mu najbolj ustreza (po pikantnosti in grenkobi) h specifi\u010dni jedi.<\/p>","protected":false},"excerpt":{"rendered":"<p>Ekolo\u0161ko ekstra devi\u0161ko olj\u010dno olje.<\/p>","protected":false},"featured_media":7727,"comment_status":"open","ping_status":"closed","template":"","meta":[],"product_cat":[74],"product_tag":[],"_links":{"self":[{"href":"https:\/\/slovenier.com\/sl\/wp-json\/wp\/v2\/product\/7731"}],"collection":[{"href":"https:\/\/slovenier.com\/sl\/wp-json\/wp\/v2\/product"}],"about":[{"href":"https:\/\/slovenier.com\/sl\/wp-json\/wp\/v2\/types\/product"}],"replies":[{"embeddable":true,"href":"https:\/\/slovenier.com\/sl\/wp-json\/wp\/v2\/comments?post=7731"}],"wp:featuredmedia":[{"embeddable":true,"href":"https:\/\/slovenier.com\/sl\/wp-json\/wp\/v2\/media\/7727"}],"wp:attachment":[{"href":"https:\/\/slovenier.com\/sl\/wp-json\/wp\/v2\/media?parent=7731"}],"wp:term":[{"taxonomy":"product_cat","embeddable":true,"href":"https:\/\/slovenier.com\/sl\/wp-json\/wp\/v2\/product_cat?post=7731"},{"taxonomy":"product_tag","embeddable":true,"href":"https:\/\/slovenier.com\/sl\/wp-json\/wp\/v2\/product_tag?post=7731"}],"curies":[{"name":"wp","href":"https:\/\/api.w.org\/{rel}","templated":true}]}}