{"id":7729,"date":"2021-01-14T12:44:06","date_gmt":"2021-01-14T11:44:06","guid":{"rendered":"https:\/\/slovenier.com\/?post_type=product&#038;p=7729"},"modified":"2021-01-25T19:44:23","modified_gmt":"2021-01-25T18:44:23","slug":"organic-extra-virgin-olive-oil-blend","status":"publish","type":"product","link":"https:\/\/slovenier.com\/sl\/izdelek\/organic-extra-virgin-olive-oil-blend\/","title":{"rendered":"Ekolo\u0161ko ekstra devi\u0161ko olj\u010dno olje \u2013 BLEND 500ml"},"content":{"rendered":"<p>Me\u0161ano ekstra devi\u0161ko olj\u010dno olje \u2013 blend je olje, ki vsebuje 50% Istrske belice, 30% Leccina in 20% ostalih sort (\u010crnica, Pendolino, Frantoio, Buga, Leccione, \u0160torta, Ascolana\u2026). To je najbolj v\u0161e\u010dno olje navadnemu potro\u0161niku, ker ima zelo lepo, prijetno noto po poko\u0161eni, sve\u017ei travi, zeleni jabolki in plodu oljke.  Ima izrazit dober okus v kateremu se \u010duti grenkobo in pikantnost, ki se odlo\u010dno pove\u017eeta v prijeten srednje intenziven okus.<\/p>","protected":false},"excerpt":{"rendered":"<p>Ekolo\u0161ko ekstra devi\u0161ko olj\u010dno olje.<\/p>","protected":false},"featured_media":7726,"comment_status":"open","ping_status":"closed","template":"","meta":[],"product_cat":[74],"product_tag":[],"_links":{"self":[{"href":"https:\/\/slovenier.com\/sl\/wp-json\/wp\/v2\/product\/7729"}],"collection":[{"href":"https:\/\/slovenier.com\/sl\/wp-json\/wp\/v2\/product"}],"about":[{"href":"https:\/\/slovenier.com\/sl\/wp-json\/wp\/v2\/types\/product"}],"replies":[{"embeddable":true,"href":"https:\/\/slovenier.com\/sl\/wp-json\/wp\/v2\/comments?post=7729"}],"wp:featuredmedia":[{"embeddable":true,"href":"https:\/\/slovenier.com\/sl\/wp-json\/wp\/v2\/media\/7726"}],"wp:attachment":[{"href":"https:\/\/slovenier.com\/sl\/wp-json\/wp\/v2\/media?parent=7729"}],"wp:term":[{"taxonomy":"product_cat","embeddable":true,"href":"https:\/\/slovenier.com\/sl\/wp-json\/wp\/v2\/product_cat?post=7729"},{"taxonomy":"product_tag","embeddable":true,"href":"https:\/\/slovenier.com\/sl\/wp-json\/wp\/v2\/product_tag?post=7729"}],"curies":[{"name":"wp","href":"https:\/\/api.w.org\/{rel}","templated":true}]}}