{"id":460,"date":"2019-10-10T14:06:17","date_gmt":"2019-10-10T12:06:17","guid":{"rendered":"https:\/\/slovenier.com\/?post_type=product&#038;p=460"},"modified":"2021-02-11T11:03:32","modified_gmt":"2021-02-11T10:03:32","slug":"oak-aged-juniper-brandy-berryshka-07l","status":"publish","type":"product","link":"https:\/\/slovenier.com\/sl\/izdelek\/oak-aged-juniper-brandy-berryshka-07l\/","title":{"rendered":"Brinovo \u017eganje starano v hrastovem sodu 0,7l"},"content":{"rendered":"<p>Edinstven. Mehek, nepozaben okus s pridihom tradicije.<br \/>\nTrikrat destilirano brinovo \u017eganje je zaradi triletnega staranja v hrastovem sodu resni\u010dna posebnost. Z njegovo \u010dudovito jantarjevo barvo in z ne\u017eno sladkimi, so\u010dnimi toni o\u010dara vsakega, ki ceni izvirnost.<\/p>","protected":false},"excerpt":{"rendered":"<p>Brinovo \u017eganje starano v hrastovem sodu 40,0% vol.<br \/>\nNeomejen rok uporabnosti.<br \/>\nPriporo\u010dena postre\u017eba: postrezite kot aperitiv ali kot digestiv po okusnem obroku. Posebna pija\u010da za posebne prilo\u017enosti.<\/p>","protected":false},"featured_media":461,"comment_status":"open","ping_status":"closed","template":"","meta":[],"product_cat":[69],"product_tag":[],"_links":{"self":[{"href":"https:\/\/slovenier.com\/sl\/wp-json\/wp\/v2\/product\/460"}],"collection":[{"href":"https:\/\/slovenier.com\/sl\/wp-json\/wp\/v2\/product"}],"about":[{"href":"https:\/\/slovenier.com\/sl\/wp-json\/wp\/v2\/types\/product"}],"replies":[{"embeddable":true,"href":"https:\/\/slovenier.com\/sl\/wp-json\/wp\/v2\/comments?post=460"}],"wp:featuredmedia":[{"embeddable":true,"href":"https:\/\/slovenier.com\/sl\/wp-json\/wp\/v2\/media\/461"}],"wp:attachment":[{"href":"https:\/\/slovenier.com\/sl\/wp-json\/wp\/v2\/media?parent=460"}],"wp:term":[{"taxonomy":"product_cat","embeddable":true,"href":"https:\/\/slovenier.com\/sl\/wp-json\/wp\/v2\/product_cat?post=460"},{"taxonomy":"product_tag","embeddable":true,"href":"https:\/\/slovenier.com\/sl\/wp-json\/wp\/v2\/product_tag?post=460"}],"curies":[{"name":"wp","href":"https:\/\/api.w.org\/{rel}","templated":true}]}}