{"id":438,"date":"2019-10-10T13:47:27","date_gmt":"2019-10-10T11:47:27","guid":{"rendered":"https:\/\/slovenier.com\/?post_type=product&#038;p=438"},"modified":"2021-02-11T11:06:15","modified_gmt":"2021-02-11T10:06:15","slug":"sweet-fig-liquorice-05l","status":"publish","type":"product","link":"https:\/\/slovenier.com\/sl\/izdelek\/sweet-fig-liquorice-05l\/","title":{"rendered":"Figov liker 0,5l"},"content":{"rendered":"<p>Figa je najosnovnej\u0161e sadje. Figa prepre\u010duje odve\u010dno izlo\u010danje \u017eelod\u010dne kisline, hkrati pa je bogata z glukozo in fruktozo, kar zmanj\u0161uje hrepenenje po sladkih dobrotah. Primerno kot aperitiv pred jedjo ali kot sladica po jedi. Postre\u017eemo ohlajeno, lahko dodamo 2-3 kapljice limoninega soka.<\/p>","protected":false},"excerpt":{"rendered":"<p>Sladki figov liker 20% vol.<br \/>\nAlkoholna pija\u010da, obogatena z naravnim sokom suhih fig.<br \/>\nSladkana z naravnim sokom suhih fig.<br \/>\nBrez kemi\u010dnih konzervansov in umetnih barvil.<br \/>\nPostre\u017eite ohlajeno.<br \/>\nNeomejen rok uporabnosti.<\/p>","protected":false},"featured_media":439,"comment_status":"open","ping_status":"closed","template":"","meta":[],"product_cat":[69],"product_tag":[],"_links":{"self":[{"href":"https:\/\/slovenier.com\/sl\/wp-json\/wp\/v2\/product\/438"}],"collection":[{"href":"https:\/\/slovenier.com\/sl\/wp-json\/wp\/v2\/product"}],"about":[{"href":"https:\/\/slovenier.com\/sl\/wp-json\/wp\/v2\/types\/product"}],"replies":[{"embeddable":true,"href":"https:\/\/slovenier.com\/sl\/wp-json\/wp\/v2\/comments?post=438"}],"wp:featuredmedia":[{"embeddable":true,"href":"https:\/\/slovenier.com\/sl\/wp-json\/wp\/v2\/media\/439"}],"wp:attachment":[{"href":"https:\/\/slovenier.com\/sl\/wp-json\/wp\/v2\/media?parent=438"}],"wp:term":[{"taxonomy":"product_cat","embeddable":true,"href":"https:\/\/slovenier.com\/sl\/wp-json\/wp\/v2\/product_cat?post=438"},{"taxonomy":"product_tag","embeddable":true,"href":"https:\/\/slovenier.com\/sl\/wp-json\/wp\/v2\/product_tag?post=438"}],"curies":[{"name":"wp","href":"https:\/\/api.w.org\/{rel}","templated":true}]}}