{"id":375,"date":"2019-10-10T09:37:59","date_gmt":"2019-10-10T09:37:59","guid":{"rendered":"https:\/\/slovenier.com\/?post_type=product&#038;p=375"},"modified":"2021-02-11T11:00:55","modified_gmt":"2021-02-11T10:00:55","slug":"heart-shaped-lect-birthday","status":"publish","type":"product","link":"https:\/\/slovenier.com\/sl\/izdelek\/heart-shaped-lect-birthday\/","title":{"rendered":"Heart Shaped Gingerbread &#8211; Birthday"},"content":{"rendered":"<p>Ste \u017ee kdaj obdarili svojega ljubljenega z medenim kruhom v obliki srca? Ta tradicionalna sladka poslastica je bila vedno ljubek simbol ljubezni in naklonjenosti. Lectarstvo, peka medenega kruha, je staro in priznana tradicionalna obrt Slovenije. <strong>heart-shaped gingerbread<\/strong>? This traditional sweet treat has always been a graceful <strong>simbol ljubezni<\/strong> and affection. Lectarstvo, a <strong>gingerbread bakery<\/strong>, is an old and renowned traditional handicraft of Slovenia.<\/p>\n<p>Ginger heart makers in a workshop in the small town of Radovljica, are preserving the tradition, making around 100 hearts daily according by hand.<\/p>\n<p>The tradition is believed to go as far back as the 14th century, the ginger heart making became hugely popular in the 19th century, when the hearts were a cherished gift among lovers.<\/p>\n<p>Danes so ve\u010dinoma \u010dudovit turisti\u010dni spominek, ki ga lahko ohranimo ve\u010d let.<\/p>","protected":false},"excerpt":{"rendered":"<p><strong>Izdelovanje lectovih src, neke vrste medenjakov okra\u0161enih z ornamenti, je ena najstarej\u0161ih obrti na slovenskem. Do danes se jih je ohranila le \u0161e pe\u0161\u010dica.<\/strong><\/p>\n<p>Lect v obliki srca je ro\u010dno izdelan enkraten spominek in simbol naklonjenosti.<\/p>","protected":false},"featured_media":376,"comment_status":"open","ping_status":"closed","template":"","meta":[],"product_cat":[72],"product_tag":[],"_links":{"self":[{"href":"https:\/\/slovenier.com\/sl\/wp-json\/wp\/v2\/product\/375"}],"collection":[{"href":"https:\/\/slovenier.com\/sl\/wp-json\/wp\/v2\/product"}],"about":[{"href":"https:\/\/slovenier.com\/sl\/wp-json\/wp\/v2\/types\/product"}],"replies":[{"embeddable":true,"href":"https:\/\/slovenier.com\/sl\/wp-json\/wp\/v2\/comments?post=375"}],"wp:featuredmedia":[{"embeddable":true,"href":"https:\/\/slovenier.com\/sl\/wp-json\/wp\/v2\/media\/376"}],"wp:attachment":[{"href":"https:\/\/slovenier.com\/sl\/wp-json\/wp\/v2\/media?parent=375"}],"wp:term":[{"taxonomy":"product_cat","embeddable":true,"href":"https:\/\/slovenier.com\/sl\/wp-json\/wp\/v2\/product_cat?post=375"},{"taxonomy":"product_tag","embeddable":true,"href":"https:\/\/slovenier.com\/sl\/wp-json\/wp\/v2\/product_tag?post=375"}],"curies":[{"name":"wp","href":"https:\/\/api.w.org\/{rel}","templated":true}]}}