{"id":354,"date":"2019-10-10T08:32:22","date_gmt":"2019-10-10T06:32:22","guid":{"rendered":"https:\/\/slovenier.com\/?post_type=product&#038;p=354"},"modified":"2022-11-21T12:06:09","modified_gmt":"2022-11-21T11:06:09","slug":"fige-presernove-chocolate-covered-figs","status":"publish","type":"product","link":"https:\/\/slovenier.com\/sl\/izdelek\/fige-presernove-chocolate-covered-figs\/","title":{"rendered":"Fige Pre\u0161ernove - oblite s kremo in \u010dokolado"},"content":{"rendered":"<p><span class=\"tlid-translation translation\" lang=\"en\"><span class=\"\" title=\"\">\u010cokoladni atelje Dobnik je dru\u017einsko podjetje z 20-letno tradicijo izdelave \u010dokoladnih izdelkov. Ponujajo najvi\u0161jo kakovost ro\u010dno izdelanih izdelkov brez konzervansov. Izdelki vrhunske kakovosti so osebno pakirani in so odli\u010dno darilo.<\/span> <span class=\"\" title=\"\">They offer the highest quality handmade preservative-free products.<\/span> <span class=\"\" title=\"\">Top quality products are personally packaged to make a great gift.<\/span><\/span><\/p>\n<p><span class=\"\" title=\"\">Izdelki Ateljeja Dobnik vklju\u010dujejo tudi Pre\u0161ernove fige, ki so njihova za\u0161\u010ditena posebnost. Pre\u0161ernove fige so nastale v spomin na Franceta Pre\u0161erna, ki je v \u017eepih  nosil suhe fige in jih delil z otroki na cesti. Suhe fige, smetana in vrhunska temna ali mle\u010dna \u010dokolada bodo prepri\u010dale tudi najzahtevnej\u0161e \u010dokoladne navdu\u0161ence. Komplet vsebuje 6 Pre\u0161ernovih fig, elegantna embala\u017ea pa poskrbi, da je izdelek nepozabno darilo.<\/span> <span class=\"\" title=\"\">The Pre\u0161eren figs were created in memory of France Pre\u0161eren, the gratest Slovene poet, who always carried dry figs in his pockets and shared them with children.<\/span> <span class=\"\" title=\"\">Dry figs, cream and top-quality dark or milk chocolate will convince even the most demanding chocolate enthusiasts.<\/span> <span class=\"\" title=\"\">The set contains 6 Pre\u0161eren figs, and the elegant packaging ensures that the product is a memorable gift.<\/span><\/p>","protected":false},"excerpt":{"rendered":"<p>Lokalna posebnost: suhe fige, oblite z mle\u010dno in temno \u010dokolado - izdelane v spomin najve\u010djemu slovenskemu pesniku Francetu Pre\u0161ernu.<\/p>","protected":false},"featured_media":0,"comment_status":"open","ping_status":"closed","template":"","meta":[],"product_cat":[72],"product_tag":[],"_links":{"self":[{"href":"https:\/\/slovenier.com\/sl\/wp-json\/wp\/v2\/product\/354"}],"collection":[{"href":"https:\/\/slovenier.com\/sl\/wp-json\/wp\/v2\/product"}],"about":[{"href":"https:\/\/slovenier.com\/sl\/wp-json\/wp\/v2\/types\/product"}],"replies":[{"embeddable":true,"href":"https:\/\/slovenier.com\/sl\/wp-json\/wp\/v2\/comments?post=354"}],"wp:attachment":[{"href":"https:\/\/slovenier.com\/sl\/wp-json\/wp\/v2\/media?parent=354"}],"wp:term":[{"taxonomy":"product_cat","embeddable":true,"href":"https:\/\/slovenier.com\/sl\/wp-json\/wp\/v2\/product_cat?post=354"},{"taxonomy":"product_tag","embeddable":true,"href":"https:\/\/slovenier.com\/sl\/wp-json\/wp\/v2\/product_tag?post=354"}],"curies":[{"name":"wp","href":"https:\/\/api.w.org\/{rel}","templated":true}]}}