{"id":85,"date":"2013-08-11T19:22:53","date_gmt":"2013-08-11T19:22:53","guid":{"rendered":"http:\/\/localhost:8888\/test\/?page_id=532"},"modified":"2019-10-10T16:23:50","modified_gmt":"2019-10-10T14:23:50","slug":"contact","status":"publish","type":"page","link":"https:\/\/slovenier.com\/sl\/contact\/","title":{"rendered":"Contact"},"content":{"rendered":"<div class=\"row row-collapse row-full-width\"  id=\"row-364323074\">\n\n\n\t<div id=\"col-637412978\" class=\"col medium-8 small-12 large-8\"  >\n\t\t\t\t<div class=\"col-inner\"  >\n\t\t\t\n\t\t\t\n\n\n  <div class=\"banner has-hover\" id=\"banner-932074131\">\n          <div class=\"banner-inner fill\">\n        <div class=\"banner-bg fill\" >\n            <div class=\"bg fill bg-fill\"><\/div>\n                                    \n                    <\/div>\n\t\t\n        <div class=\"banner-layers container\">\n            <div class=\"fill banner-link\"><\/div>            \n\n\n        <\/div>\n      <\/div>\n\n            \n<style>\n#banner-932074131 {\n  padding-top: 440px;\n}\n#banner-932074131 .bg.bg-loaded {\n  background-image: url(https:\/\/slovenier.com\/wp-content\/uploads\/F000168-10_vinska_cesta_4176_orig_jpg-photo-m.jpg);\n}\n#banner-932074131 .bg {\n  background-position: 52% 74%;\n}\n#banner-932074131 .ux-shape-divider--top svg {\n  height: 150px;\n  --divider-top-width: 100%;\n}\n#banner-932074131 .ux-shape-divider--bottom svg {\n  height: 150px;\n  --divider-width: 100%;\n}\n<\/style>\n  <\/div>\n\n\n\n\t\t<\/div>\n\t\t\t\t\t<\/div>\n\n\t\n\n\t<div id=\"col-88115448\" class=\"col medium-4 small-12 large-4\"  >\n\t\t\t\t<div class=\"col-inner\"  >\n\t\t\t\n\t\t\t\n\n\n  <div class=\"banner has-hover\" id=\"banner-988765077\">\n          <div class=\"banner-inner fill\">\n        <div class=\"banner-bg fill\" >\n            <div class=\"bg fill bg-fill\"><\/div>\n                                    \n                    <\/div>\n\t\t\n        <div class=\"banner-layers container\">\n            <div class=\"fill banner-link\"><\/div>            \n\n   <div id=\"text-box-339529789\" class=\"text-box banner-layer x50 md-x50 lg-x50 y50 md-y50 lg-y50 res-text\">\n                                <div class=\"text-box-content text dark\">\n              \n              <div class=\"text-inner text-center\">\n                  \n\n<h3>Slovenier.com \u2013 MI ZNAMO D.O.O.<\/h3>\n<p>E-po\u0161ta: <a href=\"mailto:info@slovenier.com\">info@slovenier.com<\/a><\/p>\n<p>Mobil: <a href=\"tel:+386-41-335-852\">+386-41-335-852<\/a><\/p>\n\n              <\/div>\n           <\/div>\n                            \n<style>\n#text-box-339529789 {\n  width: 100%;\n}\n#text-box-339529789 .text-box-content {\n  font-size: 180%;\n}\n<\/style>\n    <\/div>\n \n\n        <\/div>\n      <\/div>\n\n            \n<style>\n#banner-988765077 {\n  padding-top: 440px;\n  background-color: #92c52c;\n}\n#banner-988765077 .ux-shape-divider--top svg {\n  height: 150px;\n  --divider-top-width: 100%;\n}\n#banner-988765077 .ux-shape-divider--bottom svg {\n  height: 150px;\n  --divider-width: 100%;\n}\n<\/style>\n  <\/div>\n\n\n\n\t\t<\/div>\n\t\t\t\t\t<\/div>\n\n\t\n\n<\/div>\n\t<div id=\"gap-1326306005\" class=\"gap-element clearfix\" style=\"display:block; height:auto;\">\n\t\t\n<style>\n#gap-1326306005 {\n  padding-top: 50px;\n}\n<\/style>\n\t<\/div>\n\t\n\n<div class=\"row\"  id=\"row-2026285183\">\n\n\n\t<div id=\"col-1312923379\" class=\"col medium-6 large-6\"  >\n\t\t\t\t<div class=\"col-inner\"  >\n\t\t\t\n\t\t\t\n\n<div class=\"container section-title-container\" ><h3 class=\"section-title section-title-normal\"><b><\/b><span class=\"section-title-main\" >Pogosto zastavljena vpra\u0161anja<\/span><b><\/b><\/h3><\/div>\n\n<p class=\"lead\">Preden nam po\u0161ljete sporo\u010dilo, preberite pogosto zastavljena vpra\u0161anja.<\/p>\n<div class=\"accordion\" rel=\"\">\n\n<div class=\"accordion-item\"><a href=\"#\" class=\"accordion-title plain\"><button class=\"toggle\"><i class=\"icon-angle-down\"><\/i><\/button><span>What are the delivery charges for orders from the Online Shop?<\/span><\/a><div class=\"accordion-inner\">\n\n<p>Lorem ipsum dolor sit amet, consectetur adipiscing elit. Aenean id convallis tellus. Nulla aliquam in mi et convallis. Pellentesque rutrum feugiat ante ut imperdiet. Vivamus et dolor nec nisl consectetur vulputate id non ante.<\/p>\n\n<\/div><\/div>\n<div class=\"accordion-item\"><a href=\"#\" class=\"accordion-title plain\"><button class=\"toggle\"><i class=\"icon-angle-down\"><\/i><\/button><span>Which payment methods are accepted in the Online Shop?<\/span><\/a><div class=\"accordion-inner\">\n\n<p>Lorem ipsum dolor sit amet, consectetur adipiscing elit. Aenean id convallis tellus. Nulla aliquam in mi et convallis. Pellentesque rutrum feugiat ante ut imperdiet. Vivamus et dolor nec nisl consectetur vulputate id non ante.<\/p>\n\n<\/div><\/div>\n<div class=\"accordion-item\"><a href=\"#\" class=\"accordion-title plain\"><button class=\"toggle\"><i class=\"icon-angle-down\"><\/i><\/button><span>How long will delivery take?<\/span><\/a><div class=\"accordion-inner\">\n\n<p>Lorem ipsum dolor sit amet, consectetur adipiscing elit. Aenean id convallis tellus. Nulla aliquam in mi et convallis. Pellentesque rutrum feugiat ante ut imperdiet. Vivamus et dolor nec nisl consectetur vulputate id non ante. <\/p>\n\n<\/div><\/div>\n<div class=\"accordion-item\"><a href=\"#\" class=\"accordion-title plain\"><button class=\"toggle\"><i class=\"icon-angle-down\"><\/i><\/button><span>How secure is shopping in the Online Shop? Is my data protected?<\/span><\/a><div class=\"accordion-inner\">\n\n<p>Lorem ipsum dolor sit amet, consectetur adipiscing elit. Aenean id convallis tellus. Nulla aliquam in mi et convallis. Pellentesque rutrum feugiat ante ut imperdiet. Vivamus et dolor nec nisl consectetur vulputate id non ante.<\/p>\n\n<\/div><\/div>\n<div class=\"accordion-item\"><a href=\"#\" class=\"accordion-title plain\"><button class=\"toggle\"><i class=\"icon-angle-down\"><\/i><\/button><span>What exactly happens after ordering?<\/span><\/a><div class=\"accordion-inner\">\n\n<p>Lorem ipsum dolor sit amet, consectetur adipiscing elit. Aenean id convallis tellus. Nulla aliquam in mi et convallis. Pellentesque rutrum feugiat ante ut imperdiet. Vivamus et dolor nec nisl consectetur vulputate id non ante. <\/p>\n\n<\/div><\/div>\n<div class=\"accordion-item\"><a href=\"#\" class=\"accordion-title plain\"><button class=\"toggle\"><i class=\"icon-angle-down\"><\/i><\/button><span>Do I receive an invoice for my order?<\/span><\/a><div class=\"accordion-inner\">\n\n<p>Lorem ipsum dolor sit amet, consectetur adipiscing elit. Aenean id convallis tellus. Nulla aliquam in mi et convallis. Pellentesque rutrum feugiat ante ut imperdiet. Vivamus et dolor nec nisl consectetur vulputate id non ante. <\/p>\n\n<\/div><\/div>\n\n<\/div>\n\n\t\t<\/div>\n\t\t\t\t\t<\/div>\n\n\t\n\n\t<div id=\"col-1709566928\" class=\"col medium-6 large-6\"  >\n\t\t\t\t<div class=\"col-inner\"  >\n\t\t\t\n\t\t\t\n\n<div class=\"container section-title-container\" ><h3 class=\"section-title section-title-normal\"><b><\/b><span class=\"section-title-main\" >Po\u0161ljite nam e-po\u0161to<\/span><b><\/b><\/h3><\/div>\n\n\n<div class=\"wpcf7 no-js\" id=\"wpcf7-f11-o1\" lang=\"en-US\" dir=\"ltr\">\n<div class=\"screen-reader-response\"><p role=\"status\" aria-live=\"polite\" aria-atomic=\"true\"><\/p> <ul><\/ul><\/div>\n<form action=\"\/sl\/wp-json\/wp\/v2\/pages\/85#wpcf7-f11-o1\" method=\"post\" class=\"wpcf7-form init\" aria-label=\"Contact form\" novalidate=\"novalidate\" data-status=\"init\" data-no-translation-aria-label=\"\" data-trp-original-action=\"\/sl\/wp-json\/wp\/v2\/pages\/85#wpcf7-f11-o1\">\n<div style=\"display: none;\">\n<input type=\"hidden\" name=\"_wpcf7\" value=\"11\" \/>\n<input type=\"hidden\" name=\"_wpcf7_version\" value=\"5.7.3\" \/>\n<input type=\"hidden\" name=\"_wpcf7_locale\" value=\"en_US\" \/>\n<input type=\"hidden\" name=\"_wpcf7_unit_tag\" value=\"wpcf7-f11-o1\" \/>\n<input type=\"hidden\" name=\"_wpcf7_container_post\" value=\"0\" \/>\n<input type=\"hidden\" name=\"_wpcf7_posted_data_hash\" value=\"\" \/>\n<\/div>\n<p><label>Ime in priimek (obvezno)<\/label><br \/>\n<span class=\"wpcf7-form-control-wrap\" data-name=\"your-name\"><input size=\"40\" class=\"wpcf7-form-control wpcf7-text wpcf7-validates-as-required\" aria-required=\"true\" aria-invalid=\"false\" value=\"\" type=\"text\" name=\"your-name\" \/><\/span>\n<\/p>\n<p><label>Va\u0161a e-po\u0161ta (obvezno)<\/label><br \/>\n<span class=\"wpcf7-form-control-wrap\" data-name=\"your-email\"><input size=\"40\" class=\"wpcf7-form-control wpcf7-text wpcf7-email wpcf7-validates-as-required wpcf7-validates-as-email\" aria-required=\"true\" aria-invalid=\"false\" value=\"\" type=\"email\" name=\"your-email\" \/><\/span>\n<\/p>\n<p><label>Va\u0161e sporo\u010dilo (obvezno)<\/label><br \/>\n<span class=\"wpcf7-form-control-wrap\" data-name=\"your-message\"><textarea cols=\"40\" rows=\"10\" class=\"wpcf7-form-control wpcf7-textarea\" aria-invalid=\"false\" name=\"your-message\"><\/textarea><\/span>\n<\/p>\n<p><input class=\"wpcf7-form-control has-spinner wpcf7-submit button\" type=\"submit\" value=\"Po\u0161lji\" \/>\n<\/p><div class=\"wpcf7-response-output\" aria-hidden=\"true\"><\/div>\n<input type=\"hidden\" name=\"trp-form-language\" value=\"sl\"\/><\/form>\n<\/div>\n\n\n\n\t\t<\/div>\n\t\t\t\t\t<\/div>\n\n\t\n\n<\/div>\n<p>&nbsp;<\/p>","protected":false},"excerpt":{"rendered":"<p>&nbsp;<\/p>","protected":false},"author":1,"featured_media":0,"parent":0,"menu_order":0,"comment_status":"closed","ping_status":"closed","template":"page-blank.php","meta":[],"_links":{"self":[{"href":"https:\/\/slovenier.com\/sl\/wp-json\/wp\/v2\/pages\/85"}],"collection":[{"href":"https:\/\/slovenier.com\/sl\/wp-json\/wp\/v2\/pages"}],"about":[{"href":"https:\/\/slovenier.com\/sl\/wp-json\/wp\/v2\/types\/page"}],"author":[{"embeddable":true,"href":"https:\/\/slovenier.com\/sl\/wp-json\/wp\/v2\/users\/1"}],"replies":[{"embeddable":true,"href":"https:\/\/slovenier.com\/sl\/wp-json\/wp\/v2\/comments?post=85"}],"version-history":[{"count":5,"href":"https:\/\/slovenier.com\/sl\/wp-json\/wp\/v2\/pages\/85\/revisions"}],"predecessor-version":[{"id":499,"href":"https:\/\/slovenier.com\/sl\/wp-json\/wp\/v2\/pages\/85\/revisions\/499"}],"wp:attachment":[{"href":"https:\/\/slovenier.com\/sl\/wp-json\/wp\/v2\/media?parent=85"}],"curies":[{"name":"wp","href":"https:\/\/api.w.org\/{rel}","templated":true}]}}