{"id":7745,"date":"2021-01-25T21:03:11","date_gmt":"2021-01-25T20:03:11","guid":{"rendered":"https:\/\/slovenier.com\/?post_type=product&#038;p=7745"},"modified":"2021-02-12T12:58:09","modified_gmt":"2021-02-12T11:58:09","slug":"renski-rizling-semidry-2019","status":"publish","type":"product","link":"https:\/\/slovenier.com\/de\/produkt\/renski-rizling-semidry-2019\/","title":{"rendered":"RHEIN RIESLING - halb trocken 2019 0.7l"},"content":{"rendered":"<p class=\" translation-block\">Reifer wei\u00dfer Weinbergpfirsich, Wald-Alpenveilchen und eine Prise Pfefferminze sind D\u00fcfte, die beim \u00d6ffnen einer Flasche dieses sehr saftigen Rhein Risling zum ersten Mal zum Vorschein kommen\u2026 Der Geschmack ist typisch, etwas h\u00f6here S\u00e4ure und etwas h\u00f6here R\u00fcckst\u00e4nde von raffinierten Zucker, beide sehr ausgewogen, machen ihn trinkbar und die Aromen von unreifen Gartenerdbeeren, Pfefferminze F\u00fcgen eine erfrischende Note hinzu: Zitronenmelisse, Zitronengras, Limettenschale\u2026<\/p>","protected":false},"excerpt":{"rendered":"<p>Silbermedaille  Weine Sloweniens Gornja Radgona 2020<\/p>","protected":false},"featured_media":7746,"comment_status":"closed","ping_status":"closed","template":"","meta":[],"product_cat":[69],"product_tag":[],"_links":{"self":[{"href":"https:\/\/slovenier.com\/de\/wp-json\/wp\/v2\/product\/7745"}],"collection":[{"href":"https:\/\/slovenier.com\/de\/wp-json\/wp\/v2\/product"}],"about":[{"href":"https:\/\/slovenier.com\/de\/wp-json\/wp\/v2\/types\/product"}],"replies":[{"embeddable":true,"href":"https:\/\/slovenier.com\/de\/wp-json\/wp\/v2\/comments?post=7745"}],"wp:featuredmedia":[{"embeddable":true,"href":"https:\/\/slovenier.com\/de\/wp-json\/wp\/v2\/media\/7746"}],"wp:attachment":[{"href":"https:\/\/slovenier.com\/de\/wp-json\/wp\/v2\/media?parent=7745"}],"wp:term":[{"taxonomy":"product_cat","embeddable":true,"href":"https:\/\/slovenier.com\/de\/wp-json\/wp\/v2\/product_cat?post=7745"},{"taxonomy":"product_tag","embeddable":true,"href":"https:\/\/slovenier.com\/de\/wp-json\/wp\/v2\/product_tag?post=7745"}],"curies":[{"name":"wp","href":"https:\/\/api.w.org\/{rel}","templated":true}]}}