{"id":7724,"date":"2021-01-14T12:34:29","date_gmt":"2021-01-14T11:34:29","guid":{"rendered":"https:\/\/slovenier.com\/?post_type=product&#038;p=7724"},"modified":"2021-01-25T19:44:14","modified_gmt":"2021-01-25T18:44:14","slug":"organic-extra-virgin-olive-oil-leccino","status":"publish","type":"product","link":"https:\/\/slovenier.com\/de\/produkt\/organic-extra-virgin-olive-oil-leccino\/","title":{"rendered":"\u00d6kologisches Virgin extra Oliven\u00f6l der Sorte LECCINO 500 ml"},"content":{"rendered":"<p>Leccino ist intensiv in der Nase mit einer eleganten Note von frisch gem\u00e4htem Gras und ausgepr\u00e4gten Kr\u00e4utert\u00f6nen wie z.B. Minze und Basilikum. Der Geschmack dieses milden \u00d6les ist sehr zart und fruchtig mit einer leichten Note von Bitterkeit und Pikantheit am Ende und daher sehr harmonisch und abgewogen.<\/p>","protected":false},"excerpt":{"rendered":"<p>\u00d6kologisches Virgin extra Oliven\u00f6l<\/p>","protected":false},"featured_media":7728,"comment_status":"open","ping_status":"closed","template":"","meta":[],"product_cat":[74],"product_tag":[],"_links":{"self":[{"href":"https:\/\/slovenier.com\/de\/wp-json\/wp\/v2\/product\/7724"}],"collection":[{"href":"https:\/\/slovenier.com\/de\/wp-json\/wp\/v2\/product"}],"about":[{"href":"https:\/\/slovenier.com\/de\/wp-json\/wp\/v2\/types\/product"}],"replies":[{"embeddable":true,"href":"https:\/\/slovenier.com\/de\/wp-json\/wp\/v2\/comments?post=7724"}],"wp:featuredmedia":[{"embeddable":true,"href":"https:\/\/slovenier.com\/de\/wp-json\/wp\/v2\/media\/7728"}],"wp:attachment":[{"href":"https:\/\/slovenier.com\/de\/wp-json\/wp\/v2\/media?parent=7724"}],"wp:term":[{"taxonomy":"product_cat","embeddable":true,"href":"https:\/\/slovenier.com\/de\/wp-json\/wp\/v2\/product_cat?post=7724"},{"taxonomy":"product_tag","embeddable":true,"href":"https:\/\/slovenier.com\/de\/wp-json\/wp\/v2\/product_tag?post=7724"}],"curies":[{"name":"wp","href":"https:\/\/api.w.org\/{rel}","templated":true}]}}