{"id":7721,"date":"2021-01-14T12:03:55","date_gmt":"2021-01-14T11:03:55","guid":{"rendered":"https:\/\/slovenier.com\/?post_type=product&#038;p=7721"},"modified":"2021-01-14T12:06:29","modified_gmt":"2021-01-14T11:06:29","slug":"lavender-bar-soap-100g","status":"publish","type":"product","link":"https:\/\/slovenier.com\/de\/produkt\/lavender-bar-soap-100g\/","title":{"rendered":"Lavendelseife 100 g"},"content":{"rendered":"<p>Unsere handgemachten nat\u00fcrlichen Seifenst\u00fccke werden ausschlie\u00dflich aus pflanzlichen \u00d6len und Fetten mit dem Zusatz vom \u00e4therischen Lavendel\u00f6l aus eigenem Anbau hergestellt.\u00a0<strong>lavender essential oil of own production<\/strong>Sie beinhalten reines Oliven\u00f6l (das f\u00fcr seinen hohen Vitamin-E-Gehalt bekannt ist, welcher antioxidantisch wirkt), Palm\u00f6l (f\u00fcr die Konsistenz der Seifenst\u00fccke) und Kokos\u00f6l (durch das die Seife sch\u00e4umt und feuchtigkeitsspendend wirkt) sowie das \u00e4therische Lavendel\u00f6l.<\/p>\n<p>Aufgrund ihrer nat\u00fcrlicher Inhaltsstoffe wirkt die Seife nicht hautreizend und kann zum t\u00e4glichen Waschen von H\u00e4nden und K\u00f6rper verwendet werden.<\/p>\n<p>INCI: AQUA, OLEA EUROPAEA (OLIVE OIL) FRUIT OIL, SODIUM COCOATE (SAPONIFIED COCONUT OIL), HYDROGENATED PALM KERNEL OIL (SAPONIFIED PALM OIL), SODIUM HYDROXIDE (CAUSTIC SODA), LAVANDULA HYBRIDA (LAVANDIN) ESSENTIAL OIL, GERANIOL*, LIMONENE*, LINALOOL*.<\/p>\n<ul>\n<li>*aus pflanzlichen \u00d6len und Fetten mit dem Zusatz vom \u00e4therischen Lavendel\u00f6l.<\/li>\n<\/ul>","protected":false},"excerpt":{"rendered":"<ul>\n<li>100% biologisch.<\/li>\n<li>0 % Farbstoffe, synthetische Duftstoffe.<\/li>\n<li>Dermatologisch getestet.<\/li>\n<\/ul>","protected":false},"featured_media":7722,"comment_status":"closed","ping_status":"closed","template":"","meta":[],"product_cat":[78],"product_tag":[],"_links":{"self":[{"href":"https:\/\/slovenier.com\/de\/wp-json\/wp\/v2\/product\/7721"}],"collection":[{"href":"https:\/\/slovenier.com\/de\/wp-json\/wp\/v2\/product"}],"about":[{"href":"https:\/\/slovenier.com\/de\/wp-json\/wp\/v2\/types\/product"}],"replies":[{"embeddable":true,"href":"https:\/\/slovenier.com\/de\/wp-json\/wp\/v2\/comments?post=7721"}],"wp:featuredmedia":[{"embeddable":true,"href":"https:\/\/slovenier.com\/de\/wp-json\/wp\/v2\/media\/7722"}],"wp:attachment":[{"href":"https:\/\/slovenier.com\/de\/wp-json\/wp\/v2\/media?parent=7721"}],"wp:term":[{"taxonomy":"product_cat","embeddable":true,"href":"https:\/\/slovenier.com\/de\/wp-json\/wp\/v2\/product_cat?post=7721"},{"taxonomy":"product_tag","embeddable":true,"href":"https:\/\/slovenier.com\/de\/wp-json\/wp\/v2\/product_tag?post=7721"}],"curies":[{"name":"wp","href":"https:\/\/api.w.org\/{rel}","templated":true}]}}