{"id":7717,"date":"2021-01-14T11:04:18","date_gmt":"2021-01-14T10:04:18","guid":{"rendered":"https:\/\/slovenier.com\/?post_type=product&#038;p=7717"},"modified":"2021-01-14T11:05:31","modified_gmt":"2021-01-14T10:05:31","slug":"lavender-hand-cream-75ml","status":"publish","type":"product","link":"https:\/\/slovenier.com\/de\/produkt\/lavender-hand-cream-75ml\/","title":{"rendered":"Lavendel-Handcreme 75ml"},"content":{"rendered":"<p>Eine reichhaltige feuchtigkeitsspendende Handcreme aus Pflanzenfetten und -\u00f6len, angereichert mit Extrakten von Ringelblume, Kamille und Rosmarin f\u00fcr die t\u00e4gliche Pflege Ihrer H\u00e4nde. Durch die feuchtigkeitsspendenden Eigenschaften von Lavendelhydrolat und Aloe Vera sowie nat\u00fcrlicher Extrakte werden Ihre H\u00e4nde bei t\u00e4glicher Anwendung sichtbar regeneriert, gepflegt und weich. Die Creme zieht schnell ein und macht die Haut seidig weich.<\/p>\n<p>Sie eignet sich f\u00fcr alle Hauttypen und kann mehrmals t\u00e4glich angewendet werden.<\/p>\n<p>INCI: Aqua, Lavandula Angustifolia Flower Water, Caprylic\/Capric Triglyceride, Glycerin, Cetyl Alcohol, Theobroma Cacao Seed Butter, Butyrospermum Parkii Butter, Orbignya Oleifera Seed Oil, Glyceryl Stearate, PEG-100 Stearate, Glyceryl Stearate SE, Linum Usitatissimum Seed Oil, Prunus Amygdalus Dulcis Oil, Xanthan Gum, Phenoxyethanol, Panthenol, Aloe Barbadensis Leaf Juice Powder, Helianthus Annuus Seed Oil, Lavandula Angustifolia Oil, Bisabolol, Dimethicone, Citrus Aurantium Bergamia Fruit Oil, Lysolecithin, Sclerotium Gum, Ethylhexylglycerin, Sodium Hydroxide, Calendula Officinalis Flower Extract, Pullulan, Rosmarinus Officinalis Leaf Extract, Dimethicone\/Vinyl Dimethicone Crosspolymer, Pentylene Glycol, Silica, Amodimethicone, Carbomer, Disodium EDTA, Tocopherol, Benzoic Acid, Dehydroacetic Acid, Linalool, Limonene<\/p>","protected":false},"excerpt":{"rendered":"<ul>\n<li>100% biologisch.<\/li>\n<li>0% Sulfate, Parabene, synthetische Duftstoffe.<\/li>\n<li>Angereichert mit nat\u00fcrlichen Extrakten.<\/li>\n<li>Dermatologisch getestet.<\/li>\n<\/ul>","protected":false},"featured_media":7718,"comment_status":"closed","ping_status":"closed","template":"","meta":[],"product_cat":[78],"product_tag":[],"_links":{"self":[{"href":"https:\/\/slovenier.com\/de\/wp-json\/wp\/v2\/product\/7717"}],"collection":[{"href":"https:\/\/slovenier.com\/de\/wp-json\/wp\/v2\/product"}],"about":[{"href":"https:\/\/slovenier.com\/de\/wp-json\/wp\/v2\/types\/product"}],"replies":[{"embeddable":true,"href":"https:\/\/slovenier.com\/de\/wp-json\/wp\/v2\/comments?post=7717"}],"wp:featuredmedia":[{"embeddable":true,"href":"https:\/\/slovenier.com\/de\/wp-json\/wp\/v2\/media\/7718"}],"wp:attachment":[{"href":"https:\/\/slovenier.com\/de\/wp-json\/wp\/v2\/media?parent=7717"}],"wp:term":[{"taxonomy":"product_cat","embeddable":true,"href":"https:\/\/slovenier.com\/de\/wp-json\/wp\/v2\/product_cat?post=7717"},{"taxonomy":"product_tag","embeddable":true,"href":"https:\/\/slovenier.com\/de\/wp-json\/wp\/v2\/product_tag?post=7717"}],"curies":[{"name":"wp","href":"https:\/\/api.w.org\/{rel}","templated":true}]}}