{"id":460,"date":"2019-10-10T14:06:17","date_gmt":"2019-10-10T12:06:17","guid":{"rendered":"https:\/\/slovenier.com\/?post_type=product&#038;p=460"},"modified":"2021-02-11T11:03:32","modified_gmt":"2021-02-11T10:03:32","slug":"oak-aged-juniper-brandy-berryshka-07l","status":"publish","type":"product","link":"https:\/\/slovenier.com\/de\/produkt\/oak-aged-juniper-brandy-berryshka-07l\/","title":{"rendered":"Wacholderbrand in Eichenf\u00e4ssern gereift 0,7l"},"content":{"rendered":"<p>Ein weicher, unvergesslicher Geschmack mit einem Hauch von Tradition.<br \/>\nAufgrund der dreij\u00e4hrigen Reifung in Eichenf\u00e4ssern, eine echte Spezialit\u00e4t. Mit seiner sch\u00f6nen Bernsteinfarbe und den sanft s\u00fc\u00dfen, saftigen T\u00f6nen  verzaubert es jeden.<\/p>","protected":false},"excerpt":{"rendered":"<p>Wacholderbrand in Eichenf\u00e4ssern gereift 40,0% vol.<br \/>\nUnbegrenzte Haltbarkeit.<br \/>\nServieren Sie es als Aperitif oder als Digestif (Verdauungsschnaps) nach einer \u00fcppigen Mahlzeit. Ein au\u00dfergew\u00f6hnliches Getr\u00e4nk f\u00fcr besondere Anl\u00e4sse.<\/p>","protected":false},"featured_media":461,"comment_status":"open","ping_status":"closed","template":"","meta":[],"product_cat":[69],"product_tag":[],"_links":{"self":[{"href":"https:\/\/slovenier.com\/de\/wp-json\/wp\/v2\/product\/460"}],"collection":[{"href":"https:\/\/slovenier.com\/de\/wp-json\/wp\/v2\/product"}],"about":[{"href":"https:\/\/slovenier.com\/de\/wp-json\/wp\/v2\/types\/product"}],"replies":[{"embeddable":true,"href":"https:\/\/slovenier.com\/de\/wp-json\/wp\/v2\/comments?post=460"}],"wp:featuredmedia":[{"embeddable":true,"href":"https:\/\/slovenier.com\/de\/wp-json\/wp\/v2\/media\/461"}],"wp:attachment":[{"href":"https:\/\/slovenier.com\/de\/wp-json\/wp\/v2\/media?parent=460"}],"wp:term":[{"taxonomy":"product_cat","embeddable":true,"href":"https:\/\/slovenier.com\/de\/wp-json\/wp\/v2\/product_cat?post=460"},{"taxonomy":"product_tag","embeddable":true,"href":"https:\/\/slovenier.com\/de\/wp-json\/wp\/v2\/product_tag?post=460"}],"curies":[{"name":"wp","href":"https:\/\/api.w.org\/{rel}","templated":true}]}}