{"id":443,"date":"2019-10-10T13:49:48","date_gmt":"2019-10-10T11:49:48","guid":{"rendered":"https:\/\/slovenier.com\/?post_type=product&#038;p=443"},"modified":"2021-02-11T11:05:46","modified_gmt":"2021-02-11T10:05:46","slug":"blueberry-liquorice-05l","status":"publish","type":"product","link":"https:\/\/slovenier.com\/de\/produkt\/blueberry-liquorice-05l\/","title":{"rendered":"Heidelbeerlik\u00f6r 0,5l"},"content":{"rendered":"<p>Ein traditionelles slowenisches Getr\u00e4nk, geeignet als Aperitif oder als Erg\u00e4nzung zu Cocktails. Blaubeerlik\u00f6r HAHN ist ein Getr\u00e4nk ohne k\u00fcnstliche Zus\u00e4tze und mit nat\u00fcrlichem Saft angereichert. Die hinzugef\u00fcgten Waldblaubeeren verleihen dem Lik\u00f6r sein charakteristisches Aroma und seine einzigartige Farbe.<\/p>","protected":false},"excerpt":{"rendered":"<p>Lik\u00f6r mit zugesetzten Blaubeeren und konzentriertem Blaubeersaft 21% vol.<br \/>\nMit nat\u00fcrlichem Zucker ges\u00fc\u00dft.<br \/>\nFrei von chemischen Konservierungsstoffen und k\u00fcnstlichen Farbstoffen.<br \/>\nUnbegrenzte Haltbarkeit.<\/p>","protected":false},"featured_media":444,"comment_status":"open","ping_status":"closed","template":"","meta":[],"product_cat":[69],"product_tag":[],"_links":{"self":[{"href":"https:\/\/slovenier.com\/de\/wp-json\/wp\/v2\/product\/443"}],"collection":[{"href":"https:\/\/slovenier.com\/de\/wp-json\/wp\/v2\/product"}],"about":[{"href":"https:\/\/slovenier.com\/de\/wp-json\/wp\/v2\/types\/product"}],"replies":[{"embeddable":true,"href":"https:\/\/slovenier.com\/de\/wp-json\/wp\/v2\/comments?post=443"}],"wp:featuredmedia":[{"embeddable":true,"href":"https:\/\/slovenier.com\/de\/wp-json\/wp\/v2\/media\/444"}],"wp:attachment":[{"href":"https:\/\/slovenier.com\/de\/wp-json\/wp\/v2\/media?parent=443"}],"wp:term":[{"taxonomy":"product_cat","embeddable":true,"href":"https:\/\/slovenier.com\/de\/wp-json\/wp\/v2\/product_cat?post=443"},{"taxonomy":"product_tag","embeddable":true,"href":"https:\/\/slovenier.com\/de\/wp-json\/wp\/v2\/product_tag?post=443"}],"curies":[{"name":"wp","href":"https:\/\/api.w.org\/{rel}","templated":true}]}}