{"id":407,"date":"2019-10-10T12:58:27","date_gmt":"2019-10-10T10:58:27","guid":{"rendered":"https:\/\/slovenier.com\/?post_type=product&#038;p=407"},"modified":"2021-02-11T10:34:46","modified_gmt":"2021-02-11T09:34:46","slug":"floral-honey-250g-with-wooden-spoon","status":"publish","type":"product","link":"https:\/\/slovenier.com\/de\/produkt\/floral-honey-250g-with-wooden-spoon\/","title":{"rendered":"Flower Honey 250g with wooden dipper"},"content":{"rendered":"<p>100% natural flower honey, packed in an attractive, small packaging with a wooden honey digger, is the perfect solution when you are looking for a gift for your loved ones.<\/p>\n<p>&nbsp;<\/p>","protected":false},"excerpt":{"rendered":"<p>Bl\u00fctenhonig ist eine der beliebtesten Honigsorten. Bienen sammeln es auf Wiesen und in W\u00e4ldern. Es ist hellgelb bis braun gef\u00e4rbt, abh\u00e4ngig von der Art der Pflanzen und der Zugabe von Manna. Es hat einen angenehmen Geschmack und Aromen von Wiesen und Kr\u00e4utern.<\/p>","protected":false},"featured_media":411,"comment_status":"open","ping_status":"closed","template":"","meta":[],"product_cat":[73],"product_tag":[],"_links":{"self":[{"href":"https:\/\/slovenier.com\/de\/wp-json\/wp\/v2\/product\/407"}],"collection":[{"href":"https:\/\/slovenier.com\/de\/wp-json\/wp\/v2\/product"}],"about":[{"href":"https:\/\/slovenier.com\/de\/wp-json\/wp\/v2\/types\/product"}],"replies":[{"embeddable":true,"href":"https:\/\/slovenier.com\/de\/wp-json\/wp\/v2\/comments?post=407"}],"wp:featuredmedia":[{"embeddable":true,"href":"https:\/\/slovenier.com\/de\/wp-json\/wp\/v2\/media\/411"}],"wp:attachment":[{"href":"https:\/\/slovenier.com\/de\/wp-json\/wp\/v2\/media?parent=407"}],"wp:term":[{"taxonomy":"product_cat","embeddable":true,"href":"https:\/\/slovenier.com\/de\/wp-json\/wp\/v2\/product_cat?post=407"},{"taxonomy":"product_tag","embeddable":true,"href":"https:\/\/slovenier.com\/de\/wp-json\/wp\/v2\/product_tag?post=407"}],"curies":[{"name":"wp","href":"https:\/\/api.w.org\/{rel}","templated":true}]}}