{"id":395,"date":"2019-10-10T12:41:11","date_gmt":"2019-10-10T10:41:11","guid":{"rendered":"https:\/\/slovenier.com\/?post_type=product&#038;p=395"},"modified":"2021-02-11T10:45:21","modified_gmt":"2021-02-11T09:45:21","slug":"bee-hive-panel-dim-25-x-125-x-15cm-queen","status":"publish","type":"product","link":"https:\/\/slovenier.com\/de\/produkt\/bee-hive-panel-dim-25-x-125-x-15cm-queen\/","title":{"rendered":"Bienenstockstirnbrett Dim. 25 x 12,5 x 1,5 cm - K\u00f6nigin"},"content":{"rendered":"<p>Im 18. und 19. Jahrhundert wurden h\u00f6lzerne Bienenstockstirnbretter zur Volkskunst und lie\u00dfen die Bienenst\u00f6cke wie Gem\u00e4ldegalerien im Freien aussehen. Ihre Bl\u00fctenzeit war zwischen 1820 und 1880. Die bemalten Bienenstockstirnbretter zeugen von immenser Phantasie und Kreativit\u00e4t und zeigen unterschiedlichste Motive. Die Kunsthandwerker verwendeten dazu Farben, die auf nat\u00fcrlichen Pigmenten und Lein\u00f6l basierten. Sp\u00e4ter verwendeten Sie industriell hergestellte Farben, die nicht so best\u00e4ndig waren. Viele Bienenst\u00f6cke sind heute noch mit Gem\u00e4lden geschm\u00fcckt, jetzt jedoch mit moderneren Motiven und Farben.<\/p>","protected":false},"excerpt":{"rendered":"<p>Die traditionelle Bienenzucht in Slowenien ist mit einer der wichtigsten Formen der heimischen Volkskunst verbunden, den Bienenstockstirnbrettern. Dies sind k\u00fcnstlerisch bemalte Vorderfronten von Bienenst\u00f6cken, die wiederum typisch f\u00fcr Slowenien und nirgendswo anders auf der Welt zu finden sind.<\/p>","protected":false},"featured_media":396,"comment_status":"open","ping_status":"closed","template":"","meta":[],"product_cat":[71],"product_tag":[],"_links":{"self":[{"href":"https:\/\/slovenier.com\/de\/wp-json\/wp\/v2\/product\/395"}],"collection":[{"href":"https:\/\/slovenier.com\/de\/wp-json\/wp\/v2\/product"}],"about":[{"href":"https:\/\/slovenier.com\/de\/wp-json\/wp\/v2\/types\/product"}],"replies":[{"embeddable":true,"href":"https:\/\/slovenier.com\/de\/wp-json\/wp\/v2\/comments?post=395"}],"wp:featuredmedia":[{"embeddable":true,"href":"https:\/\/slovenier.com\/de\/wp-json\/wp\/v2\/media\/396"}],"wp:attachment":[{"href":"https:\/\/slovenier.com\/de\/wp-json\/wp\/v2\/media?parent=395"}],"wp:term":[{"taxonomy":"product_cat","embeddable":true,"href":"https:\/\/slovenier.com\/de\/wp-json\/wp\/v2\/product_cat?post=395"},{"taxonomy":"product_tag","embeddable":true,"href":"https:\/\/slovenier.com\/de\/wp-json\/wp\/v2\/product_tag?post=395"}],"curies":[{"name":"wp","href":"https:\/\/api.w.org\/{rel}","templated":true}]}}