{"id":354,"date":"2019-10-10T08:32:22","date_gmt":"2019-10-10T06:32:22","guid":{"rendered":"https:\/\/slovenier.com\/?post_type=product&#038;p=354"},"modified":"2022-11-21T12:06:09","modified_gmt":"2022-11-21T11:06:09","slug":"fige-presernove-chocolate-covered-figs","status":"publish","type":"product","link":"https:\/\/slovenier.com\/de\/produkt\/fige-presernove-chocolate-covered-figs\/","title":{"rendered":"Pre\u0161erns Feigen  - \u00fcberzogen mit Creme und Schokolade"},"content":{"rendered":"<p><span class=\"tlid-translation translation\" lang=\"en\"><span class=\"\" title=\"\">Das Schokoladenstudio Dobnik ist ein Familienunternehmen mit einer 20-j\u00e4hrigen Tradition in der Herstellung von hochwertigen Schokoladenprodukten. Sie bieten die h\u00f6chste Qualit\u00e4t handgefertigter Produkte ohne Konservierungsstoffe. Diese Produkte sind ein tolles Geschenk.<\/span> <span class=\"\" title=\"\">They offer the highest quality handmade preservative-free products.<\/span> <span class=\"\" title=\"\">Top quality products are personally packaged to make a great gift.<\/span><\/span><\/p>\n<p><span class=\"\" title=\"\">Zu den Produkten von Atelje Dobnik geh\u00f6ren auch die Pre\u0161erens Feigen, eine gesch\u00fctzte Spezialit\u00e4t. Pre\u0161eren trug oft trockene Feigen in der Tasche und teilte sie den Kindern aus. Getrocknete Feigen, Sahne und erstklassige dunkle oder Milchschokolade werden selbst die anspruchsvollsten Schokoladenliebhaber \u00fcberzeugen. Es enth\u00e4lt 6 Pre\u0161eren-Feigen in eleganter Verpackung die daf\u00fcr sorgt, dass das Produkt ein unvergessliches Geschenk sein wird.<\/span> <span class=\"\" title=\"\">The Pre\u0161eren figs were created in memory of France Pre\u0161eren, the gratest Slovene poet, who always carried dry figs in his pockets and shared them with children.<\/span> <span class=\"\" title=\"\">Dry figs, cream and top-quality dark or milk chocolate will convince even the most demanding chocolate enthusiasts.<\/span> <span class=\"\" title=\"\">The set contains 6 Pre\u0161eren figs, and the elegant packaging ensures that the product is a memorable gift.<\/span><\/p>","protected":false},"excerpt":{"rendered":"<p>Lokale Spezialit\u00e4t: getrocknete Feigen, \u00fcberzogen mit Milch und dunkler Schokolade - hergestellt in Erinnerung an den gr\u00f6\u00dften slowenischen Dichter France Pre\u0161eren.<\/p>","protected":false},"featured_media":0,"comment_status":"open","ping_status":"closed","template":"","meta":[],"product_cat":[72],"product_tag":[],"_links":{"self":[{"href":"https:\/\/slovenier.com\/de\/wp-json\/wp\/v2\/product\/354"}],"collection":[{"href":"https:\/\/slovenier.com\/de\/wp-json\/wp\/v2\/product"}],"about":[{"href":"https:\/\/slovenier.com\/de\/wp-json\/wp\/v2\/types\/product"}],"replies":[{"embeddable":true,"href":"https:\/\/slovenier.com\/de\/wp-json\/wp\/v2\/comments?post=354"}],"wp:attachment":[{"href":"https:\/\/slovenier.com\/de\/wp-json\/wp\/v2\/media?parent=354"}],"wp:term":[{"taxonomy":"product_cat","embeddable":true,"href":"https:\/\/slovenier.com\/de\/wp-json\/wp\/v2\/product_cat?post=354"},{"taxonomy":"product_tag","embeddable":true,"href":"https:\/\/slovenier.com\/de\/wp-json\/wp\/v2\/product_tag?post=354"}],"curies":[{"name":"wp","href":"https:\/\/api.w.org\/{rel}","templated":true}]}}